{"id":271,"date":"2019-11-23T10:10:06","date_gmt":"2019-11-23T07:10:06","guid":{"rendered":"http:\/\/www.edelmak.com.tr\/tr\/?page_id=271"},"modified":"2019-11-25T15:57:44","modified_gmt":"2019-11-25T12:57:44","slug":"milk-intake-tanks","status":"publish","type":"page","link":"https:\/\/www.edelmak.com.tr\/tr\/products\/tank-groups\/milk-intake-tanks\/","title":{"rendered":"Milk Intake Tanks"},"content":{"rendered":"<h3>\n\tS\u00fct Giri\u015f Tanklar\u0131\n\t<\/h3>\n\t\t\t\t<img loading=\"lazy\" src=\"http:\/\/www.edelmak.com.tr\/tr\/wp-content\/uploads\/2019\/11\/MILK_INTAKE_TANKS.png\" alt=\"MILK_INTAKE_TANKS\" itemprop=\"image\" height=\"390\" width=\"480\" title=\"MILK_INTAKE_TANKS\" onerror=\"this.style.display='none'\"  \/>\n\t\t\tA\u00e7\u0131klama\t\t\n\t\t\tTeknik \u00d6zellikler\t\t\n\t\t\t\t<p>S\u00fct giri\u015f tanklar\u0131 elektronik tart\u0131 birimleri ile \u00fcretilmektedir. \u00dcretim kapasitesi 500 &#8211; 1000 lt aras\u0131ndad\u0131r. Tanklar\u0131m\u0131z hijyenik \u00e7al\u0131\u015fma \u015fartlar\u0131na uygundur.<\/p>\t\t\t\n\t\t\t\t<p>500 &#8211; 1000 lt kapasite<br \/>AISI 304 paslanmaz \u00e7elik<br \/>Elektronik \u00d6l\u00e7ek Birimi<br \/>Tahliye i\u00e7in DN50 Kelebek Vana<br \/>Ayarlanabilir Ayaklara Monte Edildi<\/p>\t\t\t\n","protected":false},"excerpt":{"rendered":"<p>S\u00fct Giri\u015f Tanklar\u0131 A\u00e7\u0131klama Teknik \u00d6zellikler S\u00fct giri\u015f tanklar\u0131 elektronik tart\u0131 birimleri ile \u00fcretilmektedir. \u00dcretim kapasitesi 500 &#8211; 1000 lt aras\u0131ndad\u0131r. Tanklar\u0131m\u0131z hijyenik \u00e7al\u0131\u015fma \u015fartlar\u0131na uygundur. 500 &#8211; 1000 lt kapasiteAISI 304 paslanmaz \u00e7elikElektronik \u00d6l\u00e7ek BirimiTahliye i\u00e7in DN50 Kelebek VanaAyarlanabilir Ayaklara Monte Edildi<\/p>\n","protected":false},"author":4,"featured_media":0,"parent":238,"menu_order":0,"comment_status":"closed","ping_status":"closed","template":"","meta":{"inline_featured_image":false},"_links":{"self":[{"href":"https:\/\/www.edelmak.com.tr\/tr\/wp-json\/wp\/v2\/pages\/271"}],"collection":[{"href":"https:\/\/www.edelmak.com.tr\/tr\/wp-json\/wp\/v2\/pages"}],"about":[{"href":"https:\/\/www.edelmak.com.tr\/tr\/wp-json\/wp\/v2\/types\/page"}],"author":[{"embeddable":true,"href":"https:\/\/www.edelmak.com.tr\/tr\/wp-json\/wp\/v2\/users\/4"}],"replies":[{"embeddable":true,"href":"https:\/\/www.edelmak.com.tr\/tr\/wp-json\/wp\/v2\/comments?post=271"}],"version-history":[{"count":4,"href":"https:\/\/www.edelmak.com.tr\/tr\/wp-json\/wp\/v2\/pages\/271\/revisions"}],"predecessor-version":[{"id":573,"href":"https:\/\/www.edelmak.com.tr\/tr\/wp-json\/wp\/v2\/pages\/271\/revisions\/573"}],"up":[{"embeddable":true,"href":"https:\/\/www.edelmak.com.tr\/tr\/wp-json\/wp\/v2\/pages\/238"}],"wp:attachment":[{"href":"https:\/\/www.edelmak.com.tr\/tr\/wp-json\/wp\/v2\/media?parent=271"}],"curies":[{"name":"wp","href":"https:\/\/api.w.org\/{rel}","templated":true}]}}