{"id":292,"date":"2019-11-25T08:57:35","date_gmt":"2019-11-25T05:57:35","guid":{"rendered":"http:\/\/www.edelmak.com.tr\/tr\/?page_id=292"},"modified":"2019-11-25T16:04:21","modified_gmt":"2019-11-25T13:04:21","slug":"under-vacuum-pumps","status":"publish","type":"page","link":"https:\/\/www.edelmak.com.tr\/tr\/products\/pump-groups\/under-vacuum-pumps\/","title":{"rendered":"Under Vacuum Pumps"},"content":{"rendered":"<h3>\n\tAl\u00e7ak Vakum Pompalar\u0131\n\t<\/h3>\n\t\t\t\t<img loading=\"lazy\" src=\"http:\/\/www.edelmak.com.tr\/tr\/wp-content\/uploads\/2019\/11\/under_vacuum_circulation_pumps_small-420x311.png\" alt=\"under_vacuum_circulation_pumps_small-420x311\" itemprop=\"image\" height=\"311\" width=\"420\" title=\"under_vacuum_circulation_pumps_small-420x311\" onerror=\"this.style.display='none'\"  \/>\n\t\t\tA\u00e7\u0131klama\t\t\n\t\t\tResimler\t\t\n\t\t\t\t<p>VAKUM POMPALARININ EN \u0130Y\u0130 PERFORMANSDA \u00c7ALI\u015eMASI NED\u0130R?Bir\u00e7ok kullan\u0131c\u0131, vakum pompalar\u0131n\u0131n \u00e7al\u0131\u015fma ko\u015fullar\u0131n\u0131 bilmez ve bu durum genellikle vakum pompalar\u0131n\u0131n zarar g\u00f6rmesine neden olur. Hangi ko\u015fullar alt\u0131nda edelmak vakum pompalar\u0131n\u0131n en iyi \u015fekilde kullan\u0131lmas\u0131 m\u00fcmk\u00fcnd\u00fcr? Vakum pompas\u0131 tesisi teknisyenlerini, kullan\u0131c\u0131lar\u0131n temel ihtiya\u00e7lar\u0131na ve kendi deneyimlerine g\u00f6re geni\u015fletmek, size yard\u0131mc\u0131 olmay\u0131 umarak, a\u015fa\u011f\u0131daki noktalar\u0131 toplad\u0131.<\/p>\t\t\t\n\t\t\t\t<p><img loading=\"lazy\" src=\"http:\/\/www.edelmak.com.tr\/tr\/wp-content\/uploads\/2019\/11\/under_vacuum_pumps-300x244-300x244.png\" alt=\"\" width=\"300\" height=\"244\" \/><\/p>\t\t\t\n","protected":false},"excerpt":{"rendered":"<p>Al\u00e7ak Vakum Pompalar\u0131 A\u00e7\u0131klama Resimler VAKUM POMPALARININ EN \u0130Y\u0130 PERFORMANSDA \u00c7ALI\u015eMASI NED\u0130R?Bir\u00e7ok kullan\u0131c\u0131, vakum pompalar\u0131n\u0131n \u00e7al\u0131\u015fma ko\u015fullar\u0131n\u0131 bilmez ve bu durum genellikle vakum pompalar\u0131n\u0131n zarar g\u00f6rmesine neden olur. Hangi ko\u015fullar alt\u0131nda edelmak vakum pompalar\u0131n\u0131n en iyi \u015fekilde kullan\u0131lmas\u0131 m\u00fcmk\u00fcnd\u00fcr? Vakum pompas\u0131 tesisi teknisyenlerini, kullan\u0131c\u0131lar\u0131n temel ihtiya\u00e7lar\u0131na ve kendi deneyimlerine g\u00f6re geni\u015fletmek, size yard\u0131mc\u0131 olmay\u0131 umarak,&#8230;<\/p>\n","protected":false},"author":4,"featured_media":0,"parent":282,"menu_order":0,"comment_status":"closed","ping_status":"closed","template":"","meta":{"inline_featured_image":false},"_links":{"self":[{"href":"https:\/\/www.edelmak.com.tr\/tr\/wp-json\/wp\/v2\/pages\/292"}],"collection":[{"href":"https:\/\/www.edelmak.com.tr\/tr\/wp-json\/wp\/v2\/pages"}],"about":[{"href":"https:\/\/www.edelmak.com.tr\/tr\/wp-json\/wp\/v2\/types\/page"}],"author":[{"embeddable":true,"href":"https:\/\/www.edelmak.com.tr\/tr\/wp-json\/wp\/v2\/users\/4"}],"replies":[{"embeddable":true,"href":"https:\/\/www.edelmak.com.tr\/tr\/wp-json\/wp\/v2\/comments?post=292"}],"version-history":[{"count":4,"href":"https:\/\/www.edelmak.com.tr\/tr\/wp-json\/wp\/v2\/pages\/292\/revisions"}],"predecessor-version":[{"id":579,"href":"https:\/\/www.edelmak.com.tr\/tr\/wp-json\/wp\/v2\/pages\/292\/revisions\/579"}],"up":[{"embeddable":true,"href":"https:\/\/www.edelmak.com.tr\/tr\/wp-json\/wp\/v2\/pages\/282"}],"wp:attachment":[{"href":"https:\/\/www.edelmak.com.tr\/tr\/wp-json\/wp\/v2\/media?parent=292"}],"curies":[{"name":"wp","href":"https:\/\/api.w.org\/{rel}","templated":true}]}}