{"id":297,"date":"2019-11-25T09:05:59","date_gmt":"2019-11-25T06:05:59","guid":{"rendered":"http:\/\/www.edelmak.com.tr\/tr\/?page_id=297"},"modified":"2019-11-25T16:05:14","modified_gmt":"2019-11-25T13:05:14","slug":"lobe-pumps","status":"publish","type":"page","link":"https:\/\/www.edelmak.com.tr\/tr\/products\/pump-groups\/lobe-pumps\/","title":{"rendered":"Lobe Pumps"},"content":{"rendered":"<h3>\n\tLob Pompalar\u0131\n\t<\/h3>\n\t\t\t\t<img loading=\"lazy\" src=\"http:\/\/www.edelmak.com.tr\/tr\/wp-content\/uploads\/2019\/11\/lobe_pump_small.png\" alt=\"lobe_pump_small\" itemprop=\"image\" height=\"272\" width=\"480\" title=\"lobe_pump_small\" onerror=\"this.style.display='none'\"  \/>\n\t\t\tA\u00e7\u0131klama\t\t\n\t\t\tTeknik \u00d6zellikler\t\t\n\t\t\tResimler\t\t\n\t\t\t\t\u00a0Edelmak G\u00fcnl\u00fck Uygulamalar i\u00e7in Lob PompalarPompalar\u0131m\u0131z s\u00fct tozu ve s\u00fct end\u00fcstrisinde y\u00fcksek bir konuma sahiptir. Pompalar 316L&#8217;den yap\u0131lm\u0131\u015ft\u0131r ve g\u0131da g\u00fcvenli\u011fi ve b\u00fct\u00fcnl\u00fc\u011f\u00fcn\u00fc sa\u011flamak i\u00e7in d\u00fc\u015f\u00fck h\u0131zlarda \u00e7al\u0131\u015fmak i\u00e7in h\u0131zl\u0131 bir aray\u00fcz kullan\u0131r. Kararl\u0131 ta\u015f\u0131ma malzemeleri ve temizlenmesi kolay mekanik contalar\u0131m\u0131z tam s\u0131zd\u0131rmazl\u0131k ve ya\u011f s\u0131z\u0131nt\u0131s\u0131 olmamas\u0131 i\u00e7in g\u00fcncellendi ve de\u011fi\u015ftirildi. \u0130htiya\u00e7lar\u0131n\u0131za g\u00f6re \u00f6zelle\u015ftirilebilir.\t\t\t\n\t\t\t\t<p>Edelmak, s\u00fct tozu ve s\u00fct uygulamalar\u0131 i\u00e7in D\u00d6NER LOB POMPALARI&#8217;n\u0131n en geni\u015f \u00fcr\u00fcn yelpazesini sunmaktad\u0131r. Pompa teknolojisinde tan\u0131nm\u0131\u015f bir pazar lideri olan Edelmak, 2007&#8217;den bu yana son 12 y\u0131lda h\u0131zla b\u00fcy\u00fcyor. Pompalar\u0131 k\u00fcresel end\u00fcstri standartlar\u0131 haline getiriyoruz. Birikimli deneyim ve teknoloji sayesinde Edelmak,% 100 m\u00fc\u015fteri memnuniyeti sa\u011flayan \u00fcr\u00fcnler tedarik etti.Transfer edilecek tipik ortamlar: s\u00fct tozu, tereya\u011f\u0131, peynir, krema, yumurta, dondurma, s\u00fct, peynir alt\u0131 suyu, yo\u011furt.<\/p>\t\t\t\n\t\t\t\t<p><img loading=\"lazy\" src=\"http:\/\/www.edelmak.com.tr\/tr\/wp-content\/uploads\/2019\/11\/lobe_pump_interior-300x280.png\" alt=\"\" width=\"300\" height=\"280\" \/><\/p>\t\t\t\n","protected":false},"excerpt":{"rendered":"<p>Lob Pompalar\u0131 A\u00e7\u0131klama Teknik \u00d6zellikler Resimler \u00a0Edelmak G\u00fcnl\u00fck Uygulamalar i\u00e7in Lob PompalarPompalar\u0131m\u0131z s\u00fct tozu ve s\u00fct end\u00fcstrisinde y\u00fcksek bir konuma sahiptir. Pompalar 316L&#8217;den yap\u0131lm\u0131\u015ft\u0131r ve g\u0131da g\u00fcvenli\u011fi ve b\u00fct\u00fcnl\u00fc\u011f\u00fcn\u00fc sa\u011flamak i\u00e7in d\u00fc\u015f\u00fck h\u0131zlarda \u00e7al\u0131\u015fmak i\u00e7in h\u0131zl\u0131 bir aray\u00fcz kullan\u0131r. Kararl\u0131 ta\u015f\u0131ma malzemeleri ve temizlenmesi kolay mekanik contalar\u0131m\u0131z tam s\u0131zd\u0131rmazl\u0131k ve ya\u011f s\u0131z\u0131nt\u0131s\u0131 olmamas\u0131 i\u00e7in g\u00fcncellendi&#8230;<\/p>\n","protected":false},"author":4,"featured_media":0,"parent":282,"menu_order":0,"comment_status":"closed","ping_status":"closed","template":"","meta":{"inline_featured_image":false},"_links":{"self":[{"href":"https:\/\/www.edelmak.com.tr\/tr\/wp-json\/wp\/v2\/pages\/297"}],"collection":[{"href":"https:\/\/www.edelmak.com.tr\/tr\/wp-json\/wp\/v2\/pages"}],"about":[{"href":"https:\/\/www.edelmak.com.tr\/tr\/wp-json\/wp\/v2\/types\/page"}],"author":[{"embeddable":true,"href":"https:\/\/www.edelmak.com.tr\/tr\/wp-json\/wp\/v2\/users\/4"}],"replies":[{"embeddable":true,"href":"https:\/\/www.edelmak.com.tr\/tr\/wp-json\/wp\/v2\/comments?post=297"}],"version-history":[{"count":3,"href":"https:\/\/www.edelmak.com.tr\/tr\/wp-json\/wp\/v2\/pages\/297\/revisions"}],"predecessor-version":[{"id":580,"href":"https:\/\/www.edelmak.com.tr\/tr\/wp-json\/wp\/v2\/pages\/297\/revisions\/580"}],"up":[{"embeddable":true,"href":"https:\/\/www.edelmak.com.tr\/tr\/wp-json\/wp\/v2\/pages\/282"}],"wp:attachment":[{"href":"https:\/\/www.edelmak.com.tr\/tr\/wp-json\/wp\/v2\/media?parent=297"}],"curies":[{"name":"wp","href":"https:\/\/api.w.org\/{rel}","templated":true}]}}