{"id":342,"date":"2019-11-25T09:46:10","date_gmt":"2019-11-25T06:46:10","guid":{"rendered":"http:\/\/www.edelmak.com.tr\/tr\/?page_id=342"},"modified":"2019-12-26T17:15:04","modified_gmt":"2019-12-26T14:15:04","slug":"line-filters","status":"publish","type":"page","link":"https:\/\/www.edelmak.com.tr\/tr\/products\/custom-manufacturing\/line-filters\/","title":{"rendered":"Line Filters"},"content":{"rendered":"<h3>\n\tHat Filtreleri\n\t<\/h3>\n\t\t\t\t<img loading=\"lazy\" src=\"http:\/\/www.edelmak.com.tr\/tr\/wp-content\/uploads\/2019\/11\/hat-filtreleri-1.png\" alt=\"hat-filtreleri-1\" itemprop=\"image\" height=\"240\" width=\"111\" title=\"hat-filtreleri-1\" onerror=\"this.style.display='none'\"  \/>\n\t\t\tA\u00e7\u0131klama\t\t\n\t\t\t\u00c7al\u0131\u015fma Prensibi\t\t\n\t\t\tResimler\t\t\n\t\t\t\t<p>Sat\u0131r filtreleri, kaba par\u00e7ac\u0131klar\u0131 \u00fcr\u00fcn\u00fcn i\u00e7inden daha ince olan filtreden uzakla\u015ft\u0131rmay\u0131 sa\u011flar. Genellikle tanden filtreleri \u015feklinde kullan\u0131l\u0131rlar.1) \u00c7ift O-ring optimum s\u0131zd\u0131rmazl\u0131k sa\u011flar ve s\u0131z\u0131nt\u0131 olas\u0131l\u0131\u011f\u0131n\u0131 azaltmak i\u00e7in enerji tasarrufu sa\u011flar2) Kurulumu kolay filtre eleman\u0131n\u0131n kullan\u0131c\u0131 dostu tasar\u0131m\u0131 daha da geli\u015ftirilmi\u015ftir.3) Y\u00fcksek performans, paslanmaz \u00e7elik filtre y\u00fcksek dayan\u0131kl\u0131l\u0131\u011fa sahiptir.<\/p>\t\t\t\n\t\t\t\t<p><img loading=\"lazy\" src=\"http:\/\/www.edelmak.com.tr\/tr\/wp-content\/uploads\/2019\/11\/working_principle_thumb.jpg\" alt=\"\" width=\"640\" height=\"431\" \/>Bas\u0131n\u00e7 g\u00f6stergesi 1 veya 2, sistemin h\u0131z\u0131na g\u00f6re belirli periyotlarda uyar\u0131 verir. Filtre uyar\u0131s\u0131n\u0131n i\u00e7 k\u0131s\u0131mlar\u0131 elle bo\u015falt\u0131l\u0131r.<\/p>\t\t\t\n\t\t\t\t<p><img loading=\"lazy\" src=\"http:\/\/www.edelmak.com.tr\/tr\/wp-content\/uploads\/2019\/12\/line-filter-tr.jpg\" alt=\"\" width=\"1280\" height=\"1280\" \/><\/p>\t\t\t\n","protected":false},"excerpt":{"rendered":"<p>Hat Filtreleri A\u00e7\u0131klama \u00c7al\u0131\u015fma Prensibi Resimler Sat\u0131r filtreleri, kaba par\u00e7ac\u0131klar\u0131 \u00fcr\u00fcn\u00fcn i\u00e7inden daha ince olan filtreden uzakla\u015ft\u0131rmay\u0131 sa\u011flar. Genellikle tanden filtreleri \u015feklinde kullan\u0131l\u0131rlar.1) \u00c7ift O-ring optimum s\u0131zd\u0131rmazl\u0131k sa\u011flar ve s\u0131z\u0131nt\u0131 olas\u0131l\u0131\u011f\u0131n\u0131 azaltmak i\u00e7in enerji tasarrufu sa\u011flar2) Kurulumu kolay filtre eleman\u0131n\u0131n kullan\u0131c\u0131 dostu tasar\u0131m\u0131 daha da geli\u015ftirilmi\u015ftir.3) Y\u00fcksek performans, paslanmaz \u00e7elik filtre y\u00fcksek dayan\u0131kl\u0131l\u0131\u011fa sahiptir. Bas\u0131n\u00e7&#8230;<\/p>\n","protected":false},"author":4,"featured_media":0,"parent":324,"menu_order":0,"comment_status":"closed","ping_status":"closed","template":"","meta":{"inline_featured_image":false},"_links":{"self":[{"href":"https:\/\/www.edelmak.com.tr\/tr\/wp-json\/wp\/v2\/pages\/342"}],"collection":[{"href":"https:\/\/www.edelmak.com.tr\/tr\/wp-json\/wp\/v2\/pages"}],"about":[{"href":"https:\/\/www.edelmak.com.tr\/tr\/wp-json\/wp\/v2\/types\/page"}],"author":[{"embeddable":true,"href":"https:\/\/www.edelmak.com.tr\/tr\/wp-json\/wp\/v2\/users\/4"}],"replies":[{"embeddable":true,"href":"https:\/\/www.edelmak.com.tr\/tr\/wp-json\/wp\/v2\/comments?post=342"}],"version-history":[{"count":3,"href":"https:\/\/www.edelmak.com.tr\/tr\/wp-json\/wp\/v2\/pages\/342\/revisions"}],"predecessor-version":[{"id":643,"href":"https:\/\/www.edelmak.com.tr\/tr\/wp-json\/wp\/v2\/pages\/342\/revisions\/643"}],"up":[{"embeddable":true,"href":"https:\/\/www.edelmak.com.tr\/tr\/wp-json\/wp\/v2\/pages\/324"}],"wp:attachment":[{"href":"https:\/\/www.edelmak.com.tr\/tr\/wp-json\/wp\/v2\/media?parent=342"}],"curies":[{"name":"wp","href":"https:\/\/api.w.org\/{rel}","templated":true}]}}