{"id":42,"date":"2019-11-11T08:29:42","date_gmt":"2019-11-11T05:29:42","guid":{"rendered":"http:\/\/www.edelmak.com.tr\/tr\/?page_id=42"},"modified":"2019-11-25T15:16:06","modified_gmt":"2019-11-25T12:16:06","slug":"dryer-units-and-equipments","status":"publish","type":"page","link":"https:\/\/www.edelmak.com.tr\/tr\/products\/dryer-units-and-equipments\/","title":{"rendered":"Dryer Units and Equipments"},"content":{"rendered":"\n\t\t\t\t<img loading=\"lazy\" src=\"http:\/\/www.edelmak.com.tr\/tr\/wp-content\/uploads\/2019\/11\/drying_units_and_equipments_edelmak.jpg\" alt=\"drying_units_and_equipments_edelmak\" itemprop=\"image\" height=\"370\" width=\"480\" title=\"drying_units_and_equipments_edelmak\" onerror=\"this.style.display='none'\"  \/>\n\t<p>Kurutma \u00dcniteleri ve Ekipmanlar\u0131<\/p>\n<p>Bu a\u015famada, sprey kurutucuya g\u00f6nderilen yo\u011funla\u015ft\u0131r\u0131lm\u0131\u015f s\u00fct, atomizer taraf\u0131ndan \u00e7ok k\u00fc\u00e7\u00fck partik\u00fcllere ayr\u0131lmak \u00fczere ufalan\u0131r. Ayn\u0131 zamanda, s\u0131cak havaya maruz kalan s\u00fct par\u00e7ac\u0131klar\u0131, i\u00e7erdikleri serbest su molek\u00fcllerinin ayr\u0131\u015ft\u0131r\u0131lmas\u0131yla ufalan\u0131r.<\/p>\n\t<p>Sprey Kurutucu (Kurutma Kulesi)<\/p>\n\t<p>Hava Kilidi D\u00f6ner Valfi<\/p>\n\t<p>Spray Dryer<\/p>\n\t<p>D\u00f6ner Atomizer<\/p>\n\t<p>Shifter<\/p>\n\t<p>Ak\u0131\u015fkan Yatak<\/p>\n\t<p>Nozzle Atomizer<\/p>\n","protected":false},"excerpt":{"rendered":"<p>Kurutma \u00dcniteleri ve Ekipmanlar\u0131 Bu a\u015famada, sprey kurutucuya g\u00f6nderilen yo\u011funla\u015ft\u0131r\u0131lm\u0131\u015f s\u00fct, atomizer taraf\u0131ndan \u00e7ok k\u00fc\u00e7\u00fck partik\u00fcllere ayr\u0131lmak \u00fczere ufalan\u0131r. Ayn\u0131 zamanda, s\u0131cak havaya maruz kalan s\u00fct par\u00e7ac\u0131klar\u0131, i\u00e7erdikleri serbest su molek\u00fcllerinin ayr\u0131\u015ft\u0131r\u0131lmas\u0131yla ufalan\u0131r. Sprey Kurutucu (Kurutma Kulesi) Hava Kilidi D\u00f6ner Valfi Spray Dryer D\u00f6ner Atomizer Shifter Ak\u0131\u015fkan Yatak Nozzle Atomizer<\/p>\n","protected":false},"author":4,"featured_media":0,"parent":38,"menu_order":0,"comment_status":"closed","ping_status":"closed","template":"","meta":{"inline_featured_image":false},"_links":{"self":[{"href":"https:\/\/www.edelmak.com.tr\/tr\/wp-json\/wp\/v2\/pages\/42"}],"collection":[{"href":"https:\/\/www.edelmak.com.tr\/tr\/wp-json\/wp\/v2\/pages"}],"about":[{"href":"https:\/\/www.edelmak.com.tr\/tr\/wp-json\/wp\/v2\/types\/page"}],"author":[{"embeddable":true,"href":"https:\/\/www.edelmak.com.tr\/tr\/wp-json\/wp\/v2\/users\/4"}],"replies":[{"embeddable":true,"href":"https:\/\/www.edelmak.com.tr\/tr\/wp-json\/wp\/v2\/comments?post=42"}],"version-history":[{"count":4,"href":"https:\/\/www.edelmak.com.tr\/tr\/wp-json\/wp\/v2\/pages\/42\/revisions"}],"predecessor-version":[{"id":537,"href":"https:\/\/www.edelmak.com.tr\/tr\/wp-json\/wp\/v2\/pages\/42\/revisions\/537"}],"up":[{"embeddable":true,"href":"https:\/\/www.edelmak.com.tr\/tr\/wp-json\/wp\/v2\/pages\/38"}],"wp:attachment":[{"href":"https:\/\/www.edelmak.com.tr\/tr\/wp-json\/wp\/v2\/media?parent=42"}],"curies":[{"name":"wp","href":"https:\/\/api.w.org\/{rel}","templated":true}]}}